{"id":200,"date":"2019-11-11T11:13:08","date_gmt":"2019-11-11T10:13:08","guid":{"rendered":"http:\/\/et-si-demain.fr\/?page_id=200"},"modified":"2019-11-11T13:13:20","modified_gmt":"2019-11-11T12:13:20","slug":"la-boites-a-idees","status":"publish","type":"page","link":"http:\/\/et-si-demain.fr\/?page_id=200","title":{"rendered":"La bo\u00eetes \u00e0 id\u00e9es"},"content":{"rendered":"\n<div class=\"wp-block-themeisle-blocks-advanced-columns has-undefined-columns has-desktop-undefined-layout has-tablet-equal-layout has-mobile-equal-layout has-default-gap has-vertical-unset\" id=\"wp-block-themeisle-blocks-advanced-columns-aa7ba281\" style=\"border-width:0px;border-style:solid;border-color:#000000;border-radius:0px;justify-content:unset\"><div class=\"wp-themeisle-block-overlay\" style=\"opacity:0.5;mix-blend-mode:normal\"><\/div><div class=\"innerblocks-wrap\"><\/div><\/div>\n","protected":false},"excerpt":{"rendered":"","protected":false},"author":1,"featured_media":0,"parent":0,"menu_order":0,"comment_status":"closed","ping_status":"closed","template":"","meta":{"_themeisle_gutenberg_block_has_review":false,"footnotes":""},"wf_page_folders":[84],"class_list":["post-200","page","type-page","status-publish","hentry"],"_links":{"self":[{"href":"http:\/\/et-si-demain.fr\/index.php?rest_route=\/wp\/v2\/pages\/200","targetHints":{"allow":["GET"]}}],"collection":[{"href":"http:\/\/et-si-demain.fr\/index.php?rest_route=\/wp\/v2\/pages"}],"about":[{"href":"http:\/\/et-si-demain.fr\/index.php?rest_route=\/wp\/v2\/types\/page"}],"author":[{"embeddable":true,"href":"http:\/\/et-si-demain.fr\/index.php?rest_route=\/wp\/v2\/users\/1"}],"replies":[{"embeddable":true,"href":"http:\/\/et-si-demain.fr\/index.php?rest_route=%2Fwp%2Fv2%2Fcomments&post=200"}],"version-history":[{"count":2,"href":"http:\/\/et-si-demain.fr\/index.php?rest_route=\/wp\/v2\/pages\/200\/revisions"}],"predecessor-version":[{"id":707,"href":"http:\/\/et-si-demain.fr\/index.php?rest_route=\/wp\/v2\/pages\/200\/revisions\/707"}],"wp:attachment":[{"href":"http:\/\/et-si-demain.fr\/index.php?rest_route=%2Fwp%2Fv2%2Fmedia&parent=200"}],"wp:term":[{"taxonomy":"wf_page_folders","embeddable":true,"href":"http:\/\/et-si-demain.fr\/index.php?rest_route=%2Fwp%2Fv2%2Fwf_page_folders&post=200"}],"curies":[{"name":"wp","href":"https:\/\/api.w.org\/{rel}","templated":true}]}}